{"id":212,"date":"2023-03-05T12:55:49","date_gmt":"2023-03-05T11:55:49","guid":{"rendered":"https:\/\/www.daniela-schleicher.de\/?page_id=212"},"modified":"2025-10-13T15:06:42","modified_gmt":"2025-10-13T13:06:42","slug":"impressum","status":"publish","type":"page","link":"https:\/\/www.daniela-schleicher.de\/index.php\/impressum\/","title":{"rendered":"Impressum"},"content":{"rendered":"\n<p><\/p>\n\n\n\n<p>Daniela Schleicher<br>Paul-Ehrlich Weg 3\/1<br>68766 Hockenheim<\/p>\n\n\n\n<p><a href=\"tel:0170\/7798463\">0170\/7798463<\/a><br><a href=\"\" class=\"mail\"><\/a>\n<noscript>Sie m\u00fcssen Javascript aktivieren, um diese Adresse sehen zu k\u00f6nnen<\/noscript><\/p>\n\n\n\n<h3 class=\"wp-block-heading\">Verantwortlich f\u00fcr den Inhalt<\/h3>\n\n\n\n<p>Daniela Schleicher<\/p>\n\n\n\n<h3 class=\"wp-block-heading\">Bildreferenz<\/h3>\n\n\n\n<p>Fotos: Daniela Schleicher<\/p>\n\n\n\n<p>Vektorgrafiken von <a rel=\"noreferrer noopener\" href=\"https:\/\/pixabay.com\/de\/\/?utm_source=link-attribution&amp;utm_medium=referral&amp;utm_campaign=image&amp;utm_content=148589\" target=\"_blank\">Pixabay<\/a>: <a rel=\"noreferrer noopener\" href=\"https:\/\/pixabay.com\/de\/users\/openclipart-vectors-30363\/\" target=\"_blank\">OpenClipart-Vectors<\/a>, &nbsp;<a rel=\"noreferrer noopener\" href=\"https:\/\/pixabay.com\/de\/users\/clker-free-vector-images-3736\/\" target=\"_blank\">Clker-Free-Vector-Images<\/a>, <a href=\"https:\/\/pixabay.com\/de\/users\/gdj-1086657\/\" target=\"_blank\" rel=\"noreferrer noopener\">GDJ<\/a>&nbsp;<\/p>\n\n\n\n<h3 class=\"wp-block-heading\">Haftungshinweis<\/h3>\n\n\n\n<p>Trotz sorgf\u00e4ltiger inhaltlicher Kontrolle \u00fcbernehmen wir keine Haftung f\u00fcr die Inhalte externer Links. F\u00fcr den Inhalt der verlinkten Seiten sind ausschlie\u00df\u00adlich deren Betreiber verantwortlich.<\/p>\n\n\n\n<p>Der Inhalt und die Struktur dieser Webseiten sind urheberrechtlich gesch\u00fctzt. Die Vervielf\u00e4ltigung von Informationen oder Daten, insbesondere die Verwendung von Texten, Textteilen oder Bildmaterial, bedarf der vorherigen Zustimmung.&nbsp;<\/p>\n\n\n\n<h3 class=\"wp-block-heading\">Datenschutz<\/h3>\n\n\n\n<p>Siehe <a href=\"\/index.php\/datenschutzerklaerung\/\">Datenschutzerkl\u00e4rung<\/a><\/p>\n\n\n\n<h3 class=\"wp-block-heading\">Design<\/h3>\n\n\n\n<p><a rel=\"noreferrer noopener\" aria-label=\"FileTime Web-Desgn (\u00f6ffnet in neuem Tab)\" href=\"https:\/\/filetime.at\" target=\"_blank\">FileTime Web-Design<\/a><\/p>\n","protected":false},"excerpt":{"rendered":"<p>Daniela SchleicherPaul-Ehrlich Weg 3\/168766 Hockenheim 0170\/7798463 Sie m\u00fcssen Javascript aktivieren, um diese Adresse sehen zu k\u00f6nnen Verantwortlich f\u00fcr den Inhalt Daniela Schleicher Bildreferenz Fotos: Daniela Schleicher Vektorgrafiken von Pixabay: OpenClipart-Vectors, &nbsp;Clker-Free-Vector-Images, GDJ&nbsp; Haftungshinweis Trotz sorgf\u00e4ltiger inhaltlicher Kontrolle \u00fcbernehmen wir keine Haftung f\u00fcr die Inhalte externer Links. F\u00fcr den Inhalt der verlinkten Seiten sind ausschlie\u00df\u00adlich deren&hellip; <a class=\"more-link\" href=\"https:\/\/www.daniela-schleicher.de\/index.php\/impressum\/\"><span class=\"screen-reader-text\">Impressum<\/span> weiterlesen<\/a><\/p>\n","protected":false},"author":2,"featured_media":0,"parent":0,"menu_order":0,"comment_status":"closed","ping_status":"closed","template":"","meta":{"pgc_sgb_lightbox_settings":"","footnotes":""},"class_list":["post-212","page","type-page","status-publish","hentry","entry"],"_links":{"self":[{"href":"https:\/\/www.daniela-schleicher.de\/index.php\/wp-json\/wp\/v2\/pages\/212","targetHints":{"allow":["GET"]}}],"collection":[{"href":"https:\/\/www.daniela-schleicher.de\/index.php\/wp-json\/wp\/v2\/pages"}],"about":[{"href":"https:\/\/www.daniela-schleicher.de\/index.php\/wp-json\/wp\/v2\/types\/page"}],"author":[{"embeddable":true,"href":"https:\/\/www.daniela-schleicher.de\/index.php\/wp-json\/wp\/v2\/users\/2"}],"replies":[{"embeddable":true,"href":"https:\/\/www.daniela-schleicher.de\/index.php\/wp-json\/wp\/v2\/comments?post=212"}],"version-history":[{"count":3,"href":"https:\/\/www.daniela-schleicher.de\/index.php\/wp-json\/wp\/v2\/pages\/212\/revisions"}],"predecessor-version":[{"id":348,"href":"https:\/\/www.daniela-schleicher.de\/index.php\/wp-json\/wp\/v2\/pages\/212\/revisions\/348"}],"wp:attachment":[{"href":"https:\/\/www.daniela-schleicher.de\/index.php\/wp-json\/wp\/v2\/media?parent=212"}],"curies":[{"name":"wp","href":"https:\/\/api.w.org\/{rel}","templated":true}]}}